{"id":5634,"date":"2023-02-20T17:00:26","date_gmt":"2023-02-20T16:00:26","guid":{"rendered":"https:\/\/www.fairadvicer.de\/?page_id=5634"},"modified":"2023-02-20T17:04:02","modified_gmt":"2023-02-20T16:04:02","slug":"allgemeine-geschaeftsbedingungen","status":"publish","type":"page","link":"https:\/\/www.fairadvicer.de\/pt\/allgemeine-geschaeftsbedingungen\/","title":{"rendered":"Allgemeine Gesch\u00e4ftsbedingungen"},"content":{"rendered":"<div data-elementor-type=\"wp-page\" data-elementor-id=\"5634\" class=\"elementor elementor-5634\" data-elementor-post-type=\"page\">\n\t\t\t\t\t\t<section class=\"elementor-section elementor-top-section elementor-element elementor-element-a355274 elementor-section-full_width elementor-section-height-default elementor-section-height-default\" data-id=\"a355274\" data-element_type=\"section\" data-e-type=\"section\">\n\t\t\t\t\t\t<div class=\"elementor-container elementor-column-gap-no\">\n\t\t\t\t\t<div class=\"elementor-column elementor-col-100 elementor-top-column elementor-element elementor-element-5fcc5c1\" data-id=\"5fcc5c1\" data-element_type=\"column\" data-e-type=\"column\">\n\t\t\t<div class=\"elementor-widget-wrap elementor-element-populated\">\n\t\t\t\t\t\t<div class=\"elementor-element elementor-element-39a2038 elementor-widget elementor-widget-spacer\" data-id=\"39a2038\" data-element_type=\"widget\" data-e-type=\"widget\" data-widget_type=\"spacer.default\">\n\t\t\t\t<div class=\"elementor-widget-container\">\n\t\t\t\t\t\t\t<div class=\"elementor-spacer\">\n\t\t\t<div class=\"elementor-spacer-inner\"><\/div>\n\t\t<\/div>\n\t\t\t\t\t\t<\/div>\n\t\t\t\t<\/div>\n\t\t\t\t\t<\/div>\n\t\t<\/div>\n\t\t\t\t\t<\/div>\n\t\t<\/section>\n\t\t\t\t<section class=\"elementor-section elementor-top-section elementor-element elementor-element-8efac2d elementor-section-boxed elementor-section-height-default elementor-section-height-default\" data-id=\"8efac2d\" data-element_type=\"section\" data-e-type=\"section\">\n\t\t\t\t\t\t<div class=\"elementor-container elementor-column-gap-narrow\">\n\t\t\t\t\t<div class=\"elementor-column elementor-col-33 elementor-top-column elementor-element elementor-element-b989da5\" data-id=\"b989da5\" data-element_type=\"column\" data-e-type=\"column\">\n\t\t\t<div class=\"elementor-widget-wrap elementor-element-populated\">\n\t\t\t\t\t\t<div class=\"elementor-element elementor-element-3c31ee1 elementor-widget elementor-widget-text-editor\" data-id=\"3c31ee1\" data-element_type=\"widget\" data-e-type=\"widget\" data-widget_type=\"text-editor.default\">\n\t\t\t\t<div class=\"elementor-widget-container\">\n\t\t\t\t\t\t\t\t\t<p>Unsere\u00a0<\/p>\t\t\t\t\t\t\t\t<\/div>\n\t\t\t\t<\/div>\n\t\t\t\t<div class=\"elementor-element elementor-element-f56d50e elementor-widget elementor-widget-heading\" data-id=\"f56d50e\" data-element_type=\"widget\" data-e-type=\"widget\" data-widget_type=\"heading.default\">\n\t\t\t\t<div class=\"elementor-widget-container\">\n\t\t\t\t\t<h2 class=\"elementor-heading-title elementor-size-default\">Termos e Condi\u00e7\u00f5es<\/h2>\t\t\t\t<\/div>\n\t\t\t\t<\/div>\n\t\t\t\t\t<\/div>\n\t\t<\/div>\n\t\t\t\t<div class=\"elementor-column elementor-col-66 elementor-top-column elementor-element elementor-element-ccb0220\" data-id=\"ccb0220\" data-element_type=\"column\" data-e-type=\"column\">\n\t\t\t<div class=\"elementor-widget-wrap elementor-element-populated\">\n\t\t\t\t\t\t<div class=\"elementor-element elementor-element-f71ff99 elementor-widget elementor-widget-text-editor\" data-id=\"f71ff99\" data-element_type=\"widget\" data-e-type=\"widget\" data-widget_type=\"text-editor.default\">\n\t\t\t\t<div class=\"elementor-widget-container\">\n\t\t\t\t\t\t\t\t\t<p>Allgemeine Gesch\u00e4ftsbedienungen.<\/p>\t\t\t\t\t\t\t\t<\/div>\n\t\t\t\t<\/div>\n\t\t\t\t\t<\/div>\n\t\t<\/div>\n\t\t\t\t\t<\/div>\n\t\t<\/section>\n\t\t\t\t<section class=\"elementor-section elementor-top-section elementor-element elementor-element-6314b60 elementor-section-full_width elementor-section-height-default elementor-section-height-default\" data-id=\"6314b60\" data-element_type=\"section\" data-e-type=\"section\">\n\t\t\t\t\t\t<div class=\"elementor-container elementor-column-gap-no\">\n\t\t\t\t\t<div class=\"elementor-column elementor-col-100 elementor-top-column elementor-element elementor-element-fe143ea\" data-id=\"fe143ea\" data-element_type=\"column\" data-e-type=\"column\">\n\t\t\t<div class=\"elementor-widget-wrap elementor-element-populated\">\n\t\t\t\t\t\t<div class=\"elementor-element elementor-element-4e16c5a elementor-widget elementor-widget-spacer\" data-id=\"4e16c5a\" data-element_type=\"widget\" data-e-type=\"widget\" data-widget_type=\"spacer.default\">\n\t\t\t\t<div class=\"elementor-widget-container\">\n\t\t\t\t\t\t\t<div class=\"elementor-spacer\">\n\t\t\t<div class=\"elementor-spacer-inner\"><\/div>\n\t\t<\/div>\n\t\t\t\t\t\t<\/div>\n\t\t\t\t<\/div>\n\t\t\t\t\t<\/div>\n\t\t<\/div>\n\t\t\t\t\t<\/div>\n\t\t<\/section>\n\t\t\t\t<section class=\"elementor-section elementor-top-section elementor-element elementor-element-27d1cb9 elementor-section-boxed elementor-section-height-default elementor-section-height-default\" data-id=\"27d1cb9\" data-element_type=\"section\" data-e-type=\"section\">\n\t\t\t\t\t\t<div class=\"elementor-container elementor-column-gap-narrow\">\n\t\t\t\t\t<div class=\"elementor-column elementor-col-100 elementor-top-column elementor-element elementor-element-b5f2d26\" data-id=\"b5f2d26\" data-element_type=\"column\" data-e-type=\"column\">\n\t\t\t<div class=\"elementor-widget-wrap elementor-element-populated\">\n\t\t\t\t\t\t<div class=\"elementor-element elementor-element-36c55b4 elementor-widget elementor-widget-text-editor\" data-id=\"36c55b4\" data-element_type=\"widget\" data-e-type=\"widget\" data-widget_type=\"text-editor.default\">\n\t\t\t\t<div class=\"elementor-widget-container\">\n\t\t\t\t\t\t\t\t\t<p><strong>Personalvermittlung<\/strong><\/p><p><br \/>\u00a71 Allgemeines<br \/>(1)FairAdvicer verpflichtet sich jeden Auftrag gewissenhaft und sorgf\u00e4ltig zu erf\u00fcllen.<br \/>(2)Der Auftraggeber erkl\u00e4rt sich bereit, alle f\u00fcr einen Auftrag erforderlichen Unterlagen oderDaten zur Verf\u00fcgung zu stellen oder zu erm\u00f6glichen, dass diese von Fairadvicer erstellt werdenk\u00f6nnen. Dies gilt vor allem f\u00fcr Unterlagen, die bei einer Mitwirkung an einer Personalbeschaffungben\u00f6tigt werden, wie die Abfassung einer Stellenbeschreibung und die Ermittlung eines Anforderungsprofils.<br \/>(3)Fairadvicer sichert vertrauliche Behandlung aller im Rahmen des Beratungsauftrages erhaltenenDaten und Informationen zu.<br \/>(4)Die Bewerberexpos\u00e9s, die der Auftraggeber von FairAdvicer erh\u00e4lt, bleiben Eigentum von Fairadvicer. Jedes Bewerberexpos\u00e9 ist streng vertraulich zu behandeln, es ist bei Nichteinstellung desBewerbers unverz\u00fcglich an Fairadvicer zur\u00fcckzugeben. Eine Weitergabe an Dritte sowie das Erstellen von Kopien f\u00fcr den eigenen Gebrauch ist nicht erlaubt.<\/p><p><br \/>\u00a72 Honorar<br \/>(1)Der Honoraranspruch entsteht, wenn ein Arbeitsverh\u00e4ltnis zwischen Auftraggeber oder einemmit ihm<br \/>verbundenen Unternehmen und von Fairadvicer vorgeschlagenen Bewerber zustande gekommen ist. (2) Alle nachgenannten Honorarbetr\u00e4ge werden sofort ohne Abzug f\u00e4llig und verstehen sich zuz\u00fcglich der<br \/>gesetzlichen Mehrwertsteuer.<\/p><p><br \/>\u00a72.1 Vermittlung<br \/>Das Vermittlungshonorar betr\u00e4gt in der Regel 25% vom Jahreseinkommen, sofern per Vertrag nichts anderes vereinbart worden ist. Das der Berechnung zugrundeliegende Jahreseinkommen versteht sich unter Einschluss aller Monatsgeh\u00e4lter, Weihnachtsgratifikation, Urlaubsgeld und variabler Gehaltsbestandteile.<\/p><p><br \/>\u00a72.2 Sonderleistungen und Nebenkosten<br \/>Sonderleistungen wie Eignungstests, Nebenkosten, Reisekosten der Bewerber oder Portokosten werden dem Auftraggeber gesondert in Rechnung gestellt.<\/p><p><br \/>\u00a73 Zahlungsbedingungen<br \/>Die Rechnungen sind nach Erhalt sofort und zur Zahlung ohne Abzug f\u00e4llig. Auf alle Betr\u00e4ge wird die gesetzliche Mehrwertsteuer erhoben.<br \/>\u00a74 K\u00fcndigung<br \/>Der Vermittlungsvertrag kann von beiden Vertragsparteien jederzeit unter Einhaltung einer K\u00fcndigungsfrist von vier Wochen schriftlich gek\u00fcndigt werden. Nach Aufhebung des Vermittlungsvertrages ist FairAdvicer zur Erbringung der vertraglichen vereinbarten Leistungen nicht mehr verpflichtet. FairAdvicer kann, vorbehaltlich vereinbarter oder gesetzlicher Aufbewahrungspflichten, s\u00e4mtliche Daten des Auftraggebers l\u00f6schen. Die rechtzeitige Speicherung und Sicherung der Daten liegen daher in der Verantwortung beider Vertragsparteien.<\/p><p>\u00a0<\/p><p><br \/><strong>Allgemeine Gesch\u00e4ftsbedingungen<\/strong><\/p><p><br \/>\u00a75 Schlussbestimmungen<br \/>Es gilt das Recht der Bundesrepublik Deutschland, insbesondere erg\u00e4nzend gelten die Vorschriften des B\u00fcrgerlichen Gesetzbuches \u00fcber den Maklervertrag \u00a7\u00a7 652 ff. BGB. Sollte eine Bestimmung oder ein Teil einer Bestimmung dieser Allgemeinen Gesch\u00e4ftsbedingungen ganz oder teilweise unwirksam sein, so ber\u00fchrt dies nicht die Wirksamkeit der \u00fcbrigen Bestimmungen. Anstelle der unwirksamen Bestimmungen oder Teilbestimmungen tritt eine solche, die dem wirtschaftlichen Zweck am n\u00e4chsten kommt. Neben abreden bed\u00fcrfen der Schriftform.<br \/>\u00a76 Gerichtsstand<\/p><p><br \/>Gerichtsstand f\u00fcr alle Streitigkeiten ist, soweit gesetzlich zul\u00e4ssig, Sitz des Vermittlers.<\/p><p><br \/>\u00a77 \u00c4nderung der AGB<br \/>Die FairAdvicer GmbH beh\u00e4lt sich das Recht vor, die Allgemeinen Gesch\u00e4ftsbedingungen (kurz AGB) mit zuk\u00fcnftiger Wirkung die AGB jederzeit abzu\u00e4ndern. Diese \u00c4nderungen werden nur aus triftigen und oder sachlichen Gr\u00fcnden erfolgen. Dies umfasst vor allem gesetzliche, technische und betriebswirtschaftliche Angelegenheiten, welche Vorliegen. Diese Umsetzung erfolgt nur, wenn Sie dem Auftraggeber nach Gesichtspunkten zumutbar ist.<br \/>Die FairAdvicer GmbH verpflichtet sich im Falle von Ab\u00e4nderungen, diese dem Auftraggeber umgehend mitzuteilen und zur Verf\u00fcgung zu stellen. Die Vertragspartei erh\u00e4lt die AGB in Textform, sodass der Auftraggeber eine Zeitfrist von zwei Wochen hat, den vorgenommenen \u00c4nderungen zu widersprechen. Sollte ein Widerspruch seitens des Arbeitgebers erfolgen beh\u00e4lt sich die FairAdvicer GmbH das Recht vor von dem Vertrag abzutreten und diesen zu k\u00fcndigen. Erfolgt kein Widerspruch seitens der Vertragspartei innerhalb der angegebenen Frist, gelten die \u00c4nderungen als angenommen.<br \/>Bitte senden Sie Fragen bez\u00fcglich der AGB an:<\/p><p><br \/>E-Mail: <a href=\"mailto:info@fairadvicer.de\">info@fairadvicer.de<\/a><br \/>Stand 14.06.2022<\/p>\t\t\t\t\t\t\t\t<\/div>\n\t\t\t\t<\/div>\n\t\t\t\t\t<\/div>\n\t\t<\/div>\n\t\t\t\t\t<\/div>\n\t\t<\/section>\n\t\t\t\t<\/div>","protected":false},"excerpt":{"rendered":"<p>Unsere\u00a0 AGB Allgemeine Gesch\u00e4ftsbedienungen. Personalvermittlung \u00a71 Allgemeines(1)FairAdvicer verpflichtet sich jeden Auftrag gewissenhaft und sorgf\u00e4ltig zu erf\u00fcllen.(2)Der Auftraggeber erkl\u00e4rt sich bereit, alle f\u00fcr einen Auftrag erforderlichen Unterlagen oderDaten zur Verf\u00fcgung zu stellen oder zu erm\u00f6glichen, dass diese von Fairadvicer erstellt werdenk\u00f6nnen. Dies gilt vor allem f\u00fcr Unterlagen, die bei einer Mitwirkung an einer Personalbeschaffungben\u00f6tigt werden, wie [&hellip;]<\/p>","protected":false},"author":1,"featured_media":0,"parent":0,"menu_order":0,"comment_status":"closed","ping_status":"closed","template":"elementor_header_footer","meta":{"_monsterinsights_skip_tracking":false,"_monsterinsights_sitenote_active":false,"_monsterinsights_sitenote_note":"","_monsterinsights_sitenote_category":0,"footnotes":""},"class_list":["post-5634","page","type-page","status-publish","hentry"],"jetpack_sharing_enabled":true,"_links":{"self":[{"href":"https:\/\/www.fairadvicer.de\/pt\/wp-json\/wp\/v2\/pages\/5634","targetHints":{"allow":["GET"]}}],"collection":[{"href":"https:\/\/www.fairadvicer.de\/pt\/wp-json\/wp\/v2\/pages"}],"about":[{"href":"https:\/\/www.fairadvicer.de\/pt\/wp-json\/wp\/v2\/types\/page"}],"author":[{"embeddable":true,"href":"https:\/\/www.fairadvicer.de\/pt\/wp-json\/wp\/v2\/users\/1"}],"replies":[{"embeddable":true,"href":"https:\/\/www.fairadvicer.de\/pt\/wp-json\/wp\/v2\/comments?post=5634"}],"version-history":[{"count":0,"href":"https:\/\/www.fairadvicer.de\/pt\/wp-json\/wp\/v2\/pages\/5634\/revisions"}],"wp:attachment":[{"href":"https:\/\/www.fairadvicer.de\/pt\/wp-json\/wp\/v2\/media?parent=5634"}],"curies":[{"name":"wp","href":"https:\/\/api.w.org\/{rel}","templated":true}]}}